{"id":3509,"date":"2020-08-27T08:52:01","date_gmt":"2020-08-27T06:52:01","guid":{"rendered":"http:\/\/crossfit-lbl.fr\/?page_id=3509"},"modified":"2020-12-11T17:01:15","modified_gmt":"2020-12-11T16:01:15","slug":"accueil-lbl-nutrition","status":"publish","type":"page","link":"https:\/\/crossfit-lbl.fr\/index.php\/accueil-lbl-nutrition\/","title":{"rendered":"Accueil LBL Nutrition"},"content":{"rendered":"[vc_row][vc_column]<h4 class=\"ttbase-heading text-align-center \" style=\"margin-bottom: 50px;\"><span>LBL Nutrition<\/span><\/h4>[vc_column_text]Envie de changer vos habitudes ?<\/p>\n<p>Une alimentation saine, \u00e9quilibr\u00e9e est la base d&rsquo;une bonne hygi\u00e8ne de vie !<\/p>\n<p>Perte de poids, prise de masse, r\u00e9 \u00e9quilibrage alimentaire, St\u00e9phane saura vous accompagner pour atteindre vos objectifs.<\/p>\n<p>V\u00e9ritable expert dans son domaine, St\u00e9phane est un ancien athl\u00e8te professionnel de bodybuilding.<\/p>\n<p>Il conna\u00eet le corps et tous les secret d&rsquo;un bonne alimentation.<\/p>\n<p>Laissez vous guidez, et devenez celui\/celle que vous voulez \u00eatre.<img loading=\"lazy\" class=\"aligncenter size-full wp-image-3582\" src=\"https:\/\/crossfit-lbl.fr\/wp-content\/uploads\/2020\/12\/Stephane-blackwhite-1.jpg\" alt=\"\" width=\"120\" height=\"120\" srcset=\"https:\/\/crossfit-lbl.fr\/wp-content\/uploads\/2020\/12\/Stephane-blackwhite-1.jpg 120w, https:\/\/crossfit-lbl.fr\/wp-content\/uploads\/2020\/12\/Stephane-blackwhite-1-80x80.jpg 80w\" sizes=\"(max-width: 120px) 100vw, 120px\" \/><\/p>\n<p><a href=\"http:\/\/crossfit-lbl.fr\/index.php\/contact-lbl-nutrition\/\">contacter St\u00e9phane<\/a><\/p>\n[\/vc_column_text][\/vc_column][\/vc_row]\n","protected":false},"excerpt":{"rendered":"<p>[vc_row][vc_column][vc_column_text]Envie de changer vos habitudes ? Une alimentation saine, \u00e9quilibr\u00e9e est la base d&rsquo;une bonne hygi\u00e8ne de vie ! Perte de poids, prise de masse, r\u00e9 \u00e9quilibrage alimentaire, St\u00e9phane saura vous accompagner pour atteindre vos objectifs. V\u00e9ritable expert dans son domaine, St\u00e9phane est un ancien athl\u00e8te professionnel de bodybuilding. Il conna\u00eet le corps et tous&#8230;<\/p>\n<div class=\"read-more-link-wrapper text-center\"><a class=\"read-more-link\" href=\"https:\/\/crossfit-lbl.fr\/index.php\/accueil-lbl-nutrition\/\"><i class=\"icon-next\"><\/i>Read more<\/a><\/div>\n","protected":false},"author":1,"featured_media":0,"parent":0,"menu_order":0,"comment_status":"closed","ping_status":"closed","template":"","meta":[],"_links":{"self":[{"href":"https:\/\/crossfit-lbl.fr\/index.php\/wp-json\/wp\/v2\/pages\/3509"}],"collection":[{"href":"https:\/\/crossfit-lbl.fr\/index.php\/wp-json\/wp\/v2\/pages"}],"about":[{"href":"https:\/\/crossfit-lbl.fr\/index.php\/wp-json\/wp\/v2\/types\/page"}],"author":[{"embeddable":true,"href":"https:\/\/crossfit-lbl.fr\/index.php\/wp-json\/wp\/v2\/users\/1"}],"replies":[{"embeddable":true,"href":"https:\/\/crossfit-lbl.fr\/index.php\/wp-json\/wp\/v2\/comments?post=3509"}],"version-history":[{"count":7,"href":"https:\/\/crossfit-lbl.fr\/index.php\/wp-json\/wp\/v2\/pages\/3509\/revisions"}],"predecessor-version":[{"id":3584,"href":"https:\/\/crossfit-lbl.fr\/index.php\/wp-json\/wp\/v2\/pages\/3509\/revisions\/3584"}],"wp:attachment":[{"href":"https:\/\/crossfit-lbl.fr\/index.php\/wp-json\/wp\/v2\/media?parent=3509"}],"curies":[{"name":"wp","href":"https:\/\/api.w.org\/{rel}","templated":true}]}}