{"id":3494,"date":"2020-08-27T08:17:04","date_gmt":"2020-08-27T06:17:04","guid":{"rendered":"http:\/\/crossfit-lbl.fr\/?page_id=3494"},"modified":"2020-08-27T08:18:43","modified_gmt":"2020-08-27T06:18:43","slug":"reservez-votre-seance-dessai","status":"publish","type":"page","link":"https:\/\/crossfit-lbl.fr\/index.php\/reservez-votre-seance-dessai\/","title":{"rendered":"R\u00e9servez votre s\u00e9ance d&rsquo;essai"},"content":{"rendered":"[vc_row][vc_column]<h4 class=\"ttbase-heading text-align-left \" style=\"margin-bottom: 50px;\"><span>Style 1<\/span><\/h4>[vc_column_text]D\u00e9butants ou int\u00e9ress\u00e9s&#8230; CrossFit LBL vous offre une s\u00e9ance d&rsquo;essai gratuite afin de d\u00e9couvrir la pratique, la salle et ses infrastructures. Cette s\u00e9ance sera l&rsquo;occasion pour vous de discuter avec les coachs afin de cibler vos attentes et besoins, le tout dans une ambiance simple et conviviale qui ne manquera pas de vous s\u00e9duire.[\/vc_column_text]<div class=\"ttbase-spacer\" style=\"height: 32px;\"><\/div><div role=\"form\" class=\"wpcf7\" id=\"wpcf7-f2807-o1\" lang=\"en-US\" dir=\"ltr\">\n<div class=\"screen-reader-response\"><p role=\"status\" aria-live=\"polite\" aria-atomic=\"true\"><\/p> <ul><\/ul><\/div>\n<form action=\"\/index.php\/wp-json\/wp\/v2\/pages\/3494#wpcf7-f2807-o1\" method=\"post\" class=\"wpcf7-form init wpcf7-style-1\" novalidate=\"novalidate\" data-status=\"init\">\n<div style=\"display: none;\">\n<input type=\"hidden\" name=\"_wpcf7\" value=\"2807\" \/>\n<input type=\"hidden\" name=\"_wpcf7_version\" value=\"5.4.1\" \/>\n<input type=\"hidden\" name=\"_wpcf7_locale\" value=\"en_US\" \/>\n<input type=\"hidden\" name=\"_wpcf7_unit_tag\" value=\"wpcf7-f2807-o1\" \/>\n<input type=\"hidden\" name=\"_wpcf7_container_post\" value=\"0\" \/>\n<input type=\"hidden\" name=\"_wpcf7_posted_data_hash\" value=\"\" \/>\n<\/div>\n<div class=\"row\">\n<div class=\"col-sm-6\">\n    <label>Nom<\/label><span class=\"wpcf7-form-control-wrap nom\"><input type=\"text\" name=\"nom\" value=\"\" size=\"40\" class=\"wpcf7-form-control wpcf7-text wpcf7-validates-as-required\" aria-required=\"true\" aria-invalid=\"false\" \/><\/span>\n  <\/div>\n<div class=\"col-sm-6\">\n    <label>Pr\u00e9nom<\/label><span class=\"wpcf7-form-control-wrap prenom\"><input type=\"text\" name=\"prenom\" value=\"\" size=\"40\" class=\"wpcf7-form-control wpcf7-text wpcf7-validates-as-required\" aria-required=\"true\" aria-invalid=\"false\" \/><\/span>\n  <\/div>\n<div class=\"col-sm-6\">\n    <label>E-Mail<\/label><span class=\"wpcf7-form-control-wrap email\"><input type=\"email\" name=\"email\" value=\"\" size=\"40\" class=\"wpcf7-form-control wpcf7-text wpcf7-email wpcf7-validates-as-required wpcf7-validates-as-email\" aria-required=\"true\" aria-invalid=\"false\" \/><\/span>\n  <\/div>\n<div class=\"col-sm-6\">\n    <label>Objet<\/label><span class=\"wpcf7-form-control-wrap objet\"><input type=\"text\" name=\"objet\" value=\"\" size=\"40\" class=\"wpcf7-form-control wpcf7-text wpcf7-validates-as-required\" aria-required=\"true\" aria-invalid=\"false\" \/><\/span>\n  <\/div>\n<div class=\"col-sm-6\">\n    <label>Message<\/label><span class=\"wpcf7-form-control-wrap message\"><textarea name=\"message\" cols=\"40\" rows=\"10\" class=\"wpcf7-form-control wpcf7-textarea\" aria-invalid=\"false\"><\/textarea><\/span>\n  <\/div>\n<\/div>\n<div class=\"text-center\">\n<input type=\"submit\" value=\"Envoyer\" class=\"wpcf7-form-control btn btn-primary style-2\" \/>\n<\/div>\n<div class=\"wpcf7-response-output\" aria-hidden=\"true\"><\/div><\/form><\/div><div class=\"ttbase-spacer\" style=\"height: 80px;\"><\/div>[\/vc_column][\/vc_row]\n","protected":false},"excerpt":{"rendered":"<p>[vc_row][vc_column][vc_column_text]D\u00e9butants ou int\u00e9ress\u00e9s&#8230; CrossFit LBL vous offre une s\u00e9ance d&rsquo;essai gratuite afin de d\u00e9couvrir la pratique, la salle et ses infrastructures. Cette s\u00e9ance sera l&rsquo;occasion pour vous de discuter avec les coachs afin de cibler vos attentes et besoins, le tout dans une ambiance simple et conviviale qui ne manquera pas de vous s\u00e9duire.[\/vc_column_text][\/vc_column][\/vc_row]<\/p>\n<div class=\"read-more-link-wrapper text-center\"><a class=\"read-more-link\" href=\"https:\/\/crossfit-lbl.fr\/index.php\/reservez-votre-seance-dessai\/\"><i class=\"icon-next\"><\/i>Read more<\/a><\/div>\n","protected":false},"author":1,"featured_media":0,"parent":0,"menu_order":0,"comment_status":"closed","ping_status":"closed","template":"","meta":[],"_links":{"self":[{"href":"https:\/\/crossfit-lbl.fr\/index.php\/wp-json\/wp\/v2\/pages\/3494"}],"collection":[{"href":"https:\/\/crossfit-lbl.fr\/index.php\/wp-json\/wp\/v2\/pages"}],"about":[{"href":"https:\/\/crossfit-lbl.fr\/index.php\/wp-json\/wp\/v2\/types\/page"}],"author":[{"embeddable":true,"href":"https:\/\/crossfit-lbl.fr\/index.php\/wp-json\/wp\/v2\/users\/1"}],"replies":[{"embeddable":true,"href":"https:\/\/crossfit-lbl.fr\/index.php\/wp-json\/wp\/v2\/comments?post=3494"}],"version-history":[{"count":2,"href":"https:\/\/crossfit-lbl.fr\/index.php\/wp-json\/wp\/v2\/pages\/3494\/revisions"}],"predecessor-version":[{"id":3497,"href":"https:\/\/crossfit-lbl.fr\/index.php\/wp-json\/wp\/v2\/pages\/3494\/revisions\/3497"}],"wp:attachment":[{"href":"https:\/\/crossfit-lbl.fr\/index.php\/wp-json\/wp\/v2\/media?parent=3494"}],"curies":[{"name":"wp","href":"https:\/\/api.w.org\/{rel}","templated":true}]}}