{"id":3256,"date":"2017-01-10T13:10:07","date_gmt":"2017-01-10T13:10:07","guid":{"rendered":"http:\/\/ttdemo2.staging.wpengine.com\/gymx\/?page_id=3256"},"modified":"2020-12-11T15:37:56","modified_gmt":"2020-12-11T14:37:56","slug":"presentation","status":"publish","type":"page","link":"https:\/\/crossfit-lbl.fr\/index.php\/presentation\/","title":{"rendered":"Pr\u00e9sentation"},"content":{"rendered":"[vc_row][vc_column css=\u00a0\u00bb.vc_custom_1518793046582{padding-top: 5% !important;}\u00a0\u00bb]<h5 class=\"ttbase-heading text-align-center \" style=\"color: #f48460;\"><span>Pr\u00e9sentation<\/span><\/h5><h2 class=\"ttbase-heading text-align-center \" ><span>LBL CROSSFIT<\/span><\/h2>[\/vc_column][\/vc_row][vc_row css_animation=\u00a0\u00bbnone\u00a0\u00bb][vc_column css=\u00a0\u00bb.vc_custom_1518793259037{padding-top: 5% !important;padding-bottom: 10% !important;}\u00a0\u00bb][vc_row_inner][vc_column_inner el_class=\u00a0\u00bbcard\u00a0\u00bb css=\u00a0\u00bb.vc_custom_1518792980823{padding: 5% !important;}\u00a0\u00bb][vc_column_text]<strong>400 m\u00e8tres<\/strong> carr\u00e9s r\u00e9serv\u00e9s exclusivement \u00e0 la pratique du CrossFit. Vous y trouverez tout le mat\u00e9riel n\u00e9cessaire \u00e0 la discipline (box jump, kettlebells, rameurs, ghd sit up, wall ball, barres et poids associ\u00e9s, etc.).[\/vc_column_text][\/vc_column_inner][\/vc_row_inner][vc_row_inner][vc_column_inner el_class=\u00a0\u00bbcard\u00a0\u00bb css=\u00a0\u00bb.vc_custom_1518792980823{padding: 5% !important;}\u00a0\u00bb][vc_column_text]Une structure de plus de neuf m\u00e8tres de long est pos\u00e9e au milieu de la salle et permet de r\u00e9aliser tous les mouvements inspir\u00e9s de la gymnastique. Un v\u00e9ritable garage gym \u00e0 l&rsquo;am\u00e9ricaine des grandes portes sectionnelles pour faciliter les WOD en ext\u00e9rieur.[\/vc_column_text][\/vc_column_inner][\/vc_row_inner][\/vc_column][\/vc_row][vc_row][vc_column css=\u00a0\u00bb.vc_custom_1518793046582{padding-top: 5% !important;}\u00a0\u00bb]<h2 class=\"ttbase-heading text-align-center \" ><span>L&#039;\u00e9quipe<\/span><\/h2>[\/vc_column][\/vc_row][vc_row css_animation=\u00a0\u00bbnone\u00a0\u00bb][vc_column css=\u00a0\u00bb.vc_custom_1518793259037{padding-top: 5% !important;padding-bottom: 10% !important;}\u00a0\u00bb][vc_row_inner][vc_column_inner el_class=\u00a0\u00bbcard\u00a0\u00bb css=\u00a0\u00bb.vc_custom_1518792980823{padding: 5% !important;}\u00a0\u00bb][vc_column_text]Une Team d&rsquo;enfer pour vous faire bosser, rire, progresser.[\/vc_column_text][\/vc_column_inner][\/vc_row_inner][vc_row_inner][vc_column_inner el_class=\u00a0\u00bbcard\u00a0\u00bb css=\u00a0\u00bb.vc_custom_1518792980823{padding: 5% !important;}\u00a0\u00bb][vc_column_text]Des Coachs diplom\u00e9s d&rsquo;\u00e9tat pour assurer votre s\u00e9curit\u00e9 tout en vous permettant de vous d\u00e9passer et de vous amuser ![\/vc_column_text][\/vc_column_inner][\/vc_row_inner][\/vc_column][\/vc_row][vc_row][vc_column]\n\t<div class=\"ttbase-trainer-grid\">\n\n\t\t\t<div id=\"1372675669\" class=\"ttbase-trainer-items ttbase-grid clearfix\" data-id=\"1372675669\">  \n\t\t\t\n\t\t\t\t<div class=\"ttbase-trainer-item-wrapper ttbase-col ttbase-count-1 ttbase-col-2\">\n\t\t\t\t\t<div class=\"ttbase-trainer-item card\">\n\t\t\t\t\t\t<a href=\"https:\/\/crossfit-lbl.fr\/index.php\/trainer\/nathalie-jullien\/\" title=\"Nathalie JULLIEN\" class=\"ttbase-trainer-item-image\">\n\t\t\t\t\t\t\t    \t\t\t\t\t\t\t<img class=\"img-responsive\" src=\"https:\/\/crossfit-lbl.fr\/wp-content\/uploads\/2020\/06\/Nathalie-JULLIEN-150x150.png\" alt=\"Nathalie JULLIEN\" \/>\n    \t\t\t\t\t\t    \t\t\t\t\t\t<div class=\"ttbase-trainer-item-image-content\">\n    \t\t\t\t\t\t\t<h5 class=\"ttbase-trainer-item-subtitle\">\n    \t\t\t\t\t\t\t\t    \t\t\t\t\t\t\t<\/h5>\n    \t\t\t\t\t\t\t<h3 class=\"ttbase-trainer-item-heading\">\n    \t\t\t\t\t\t\t\tNathalie JULLIEN    \t\t\t\t\t\t\t<\/h3>\n    \t\t\t\t\t\t<\/div>\n    \t\t\t\t\t<\/a>\n\t\t\t\t\t   \t<div class=\"ttbase-trainer-item-content ttbase-trainer-item-excerpt\" style=\"background-color:#ffffff;\">\n\t\t\t\t\t   \t\t\t\t\t\t\t   \t\t\t\t\t\t\t\t   \t\t<p>\n\t\t\t\t\t\t   \t\tLorem ipsum dolor sit amet, consetetur sadipscing elitr, sed diam nonumy eirmod tempor invidunt ut labore et dolore magna aliquyam erat, sed diam voluptua. \t\t\t\t\t\t\t\t<\/p>\n\t\t\t\t\t\t\t\t\t\t\t\t\t   \t\t\n\t\t\t\t\t   \t\t\t\n\t\t\t\t\t\t\t\n\t\t\t\t\t\t<\/div>\n\t\t\t\t\t    \n\t\t\t\t\t<\/div>\n\t\t\t\t<\/div>\n\t\t\t \n\t\t\t\n\t\t\t\t<div class=\"term-gains ttbase-trainer-item-wrapper ttbase-col ttbase-count-2 ttbase-col-2\">\n\t\t\t\t\t<div class=\"ttbase-trainer-item card\">\n\t\t\t\t\t\t<a href=\"https:\/\/crossfit-lbl.fr\/index.php\/trainer\/matthieu-page\/\" title=\"Matthieu PAGE\" class=\"ttbase-trainer-item-image\">\n\t\t\t\t\t\t\t    \t\t\t\t\t\t\t<img class=\"img-responsive\" src=\"https:\/\/crossfit-lbl.fr\/wp-content\/uploads\/2017\/01\/Matthieu-PAGE-150x150.png\" alt=\"Matthieu PAGE\" \/>\n    \t\t\t\t\t\t    \t\t\t\t\t\t<div class=\"ttbase-trainer-item-image-content\">\n    \t\t\t\t\t\t\t<h5 class=\"ttbase-trainer-item-subtitle\">\n    \t\t\t\t\t\t\t\tTrainer    \t\t\t\t\t\t\t<\/h5>\n    \t\t\t\t\t\t\t<h3 class=\"ttbase-trainer-item-heading\">\n    \t\t\t\t\t\t\t\tMatthieu PAGE    \t\t\t\t\t\t\t<\/h3>\n    \t\t\t\t\t\t<\/div>\n    \t\t\t\t\t<\/a>\n\t\t\t\t\t   \t<div class=\"ttbase-trainer-item-content ttbase-trainer-item-excerpt\" style=\"background-color:#ffffff;\">\n\t\t\t\t\t   \t\t\t\t\t\t\t   \t\t\t\t\t\t\t\t   \t\t<p>\n\t\t\t\t\t\t   \t\tLorem ipsum dolor sit amet, consetetur sadipscing elitr, sed diam nonumy eirmod tempor invidunt ut labore et dolore magna aliquyam erat, sed diam voluptua. \t\t\t\t\t\t\t\t<\/p>\n\t\t\t\t\t\t\t\t\t\t\t\t\t   \t\t\n\t\t\t\t\t   \t\t\t\n\t\t\t\t\t\t\t\n\t\t\t\t\t\t<\/div>\n\t\t\t\t\t    \n\t\t\t\t\t<\/div>\n\t\t\t\t<\/div>\n\t\t\t \n\t\t\t\n\t\t\t\t<div class=\"term-strong ttbase-trainer-item-wrapper ttbase-col ttbase-count-1 ttbase-col-2\">\n\t\t\t\t\t<div class=\"ttbase-trainer-item card\">\n\t\t\t\t\t\t<a href=\"https:\/\/crossfit-lbl.fr\/index.php\/trainer\/anthony-cospin\/\" title=\"Anthony COSPIN\" class=\"ttbase-trainer-item-image\">\n\t\t\t\t\t\t\t    \t\t\t\t\t\t\t<img class=\"img-responsive\" src=\"https:\/\/crossfit-lbl.fr\/wp-content\/uploads\/2017\/01\/Anthony-COSPIN-150x150.png\" alt=\"Anthony COSPIN\" \/>\n    \t\t\t\t\t\t    \t\t\t\t\t\t<div class=\"ttbase-trainer-item-image-content\">\n    \t\t\t\t\t\t\t<h5 class=\"ttbase-trainer-item-subtitle\">\n    \t\t\t\t\t\t\t\tTrainer    \t\t\t\t\t\t\t<\/h5>\n    \t\t\t\t\t\t\t<h3 class=\"ttbase-trainer-item-heading\">\n    \t\t\t\t\t\t\t\tAnthony COSPIN    \t\t\t\t\t\t\t<\/h3>\n    \t\t\t\t\t\t<\/div>\n    \t\t\t\t\t<\/a>\n\t\t\t\t\t   \t<div class=\"ttbase-trainer-item-content ttbase-trainer-item-excerpt\" style=\"background-color:#ffffff;\">\n\t\t\t\t\t   \t\t\t\t\t\t\t   \t\t\t\t\t\t\t\t   \t\t<p>\n\t\t\t\t\t\t   \t\tLorem ipsum dolor sit amet, consetetur sadipscing elitr, sed diam nonumy eirmod tempor invidunt ut labore et dolore magna aliquyam erat, sed diam voluptua. \t\t\t\t\t\t\t\t<\/p>\n\t\t\t\t\t\t\t\t\t\t\t\t\t   \t\t\n\t\t\t\t\t   \t\t\t\n\t\t\t\t\t\t\t\n\t\t\t\t\t\t<\/div>\n\t\t\t\t\t    \n\t\t\t\t\t<\/div>\n\t\t\t\t<\/div>\n\t\t\t \n\t\t\t\n\t\t\t\t<div class=\"term-smith ttbase-trainer-item-wrapper ttbase-col ttbase-count-2 ttbase-col-2\">\n\t\t\t\t\t<div class=\"ttbase-trainer-item card\">\n\t\t\t\t\t\t<a href=\"https:\/\/crossfit-lbl.fr\/index.php\/trainer\/ludovic-mirot\/\" title=\"Ludovic MIROT\" class=\"ttbase-trainer-item-image\">\n\t\t\t\t\t\t\t    \t\t\t\t\t\t\t<img class=\"img-responsive\" src=\"https:\/\/crossfit-lbl.fr\/wp-content\/uploads\/2017\/01\/Ludovic-MIROT-150x150.png\" alt=\"Ludovic MIROT\" \/>\n    \t\t\t\t\t\t    \t\t\t\t\t\t<div class=\"ttbase-trainer-item-image-content\">\n    \t\t\t\t\t\t\t<h5 class=\"ttbase-trainer-item-subtitle\">\n    \t\t\t\t\t\t\t\tLeading Trainer    \t\t\t\t\t\t\t<\/h5>\n    \t\t\t\t\t\t\t<h3 class=\"ttbase-trainer-item-heading\">\n    \t\t\t\t\t\t\t\tLudovic MIROT    \t\t\t\t\t\t\t<\/h3>\n    \t\t\t\t\t\t<\/div>\n    \t\t\t\t\t<\/a>\n\t\t\t\t\t   \t<div class=\"ttbase-trainer-item-content ttbase-trainer-item-excerpt\" style=\"background-color:#ffffff;\">\n\t\t\t\t\t   \t\t\t\t\t\t\t   \t\t\t\t\t\t\t\t   \t\t<p>\n\t\t\t\t\t\t   \t\tLorem ipsum dolor sit amet, consetetur sadipscing elitr, sed diam nonumy eirmod tempor invidunt ut labore et dolore magna aliquyam erat, sed diam voluptua. \t\t\t\t\t\t\t\t<\/p>\n\t\t\t\t\t\t\t\t\t\t\t\t\t   \t\t\n\t\t\t\t\t   \t\t\t\n\t\t\t\t\t\t\t\n\t\t\t\t\t\t<\/div>\n\t\t\t\t\t    \n\t\t\t\t\t<\/div>\n\t\t\t\t<\/div>\n\t\t\t \n\t\t\t\t\t<\/div>\n\t<\/div>\n\t[\/vc_column][\/vc_row]\n","protected":false},"excerpt":{"rendered":"<p>[vc_row][vc_column css=\u00a0\u00bb.vc_custom_1518793046582{padding-top: 5% !important;}\u00a0\u00bb][\/vc_column][\/vc_row][vc_row css_animation=\u00a0\u00bbnone\u00a0\u00bb][vc_column css=\u00a0\u00bb.vc_custom_1518793259037{padding-top: 5% !important;padding-bottom: 10% !important;}\u00a0\u00bb][vc_row_inner][vc_column_inner el_class=\u00a0\u00bbcard\u00a0\u00bb css=\u00a0\u00bb.vc_custom_1518792980823{padding: 5% !important;}\u00a0\u00bb][vc_column_text]400 m\u00e8tres carr\u00e9s r\u00e9serv\u00e9s exclusivement \u00e0 la pratique du CrossFit. Vous y trouverez tout le mat\u00e9riel n\u00e9cessaire \u00e0 la discipline (box jump, kettlebells, rameurs, ghd sit up, wall ball, barres et poids associ\u00e9s, etc.).[\/vc_column_text][\/vc_column_inner][\/vc_row_inner][vc_row_inner][vc_column_inner el_class=\u00a0\u00bbcard\u00a0\u00bb css=\u00a0\u00bb.vc_custom_1518792980823{padding: 5% !important;}\u00a0\u00bb][vc_column_text]Une structure de plus de&#8230;<\/p>\n<div class=\"read-more-link-wrapper text-center\"><a class=\"read-more-link\" href=\"https:\/\/crossfit-lbl.fr\/index.php\/trainer\/ludovic-mirot\/\"><i class=\"icon-next\"><\/i>Read more<\/a><\/div>\n","protected":false},"author":1,"featured_media":0,"parent":0,"menu_order":0,"comment_status":"closed","ping_status":"closed","template":"","meta":[],"_links":{"self":[{"href":"https:\/\/crossfit-lbl.fr\/index.php\/wp-json\/wp\/v2\/pages\/3256"}],"collection":[{"href":"https:\/\/crossfit-lbl.fr\/index.php\/wp-json\/wp\/v2\/pages"}],"about":[{"href":"https:\/\/crossfit-lbl.fr\/index.php\/wp-json\/wp\/v2\/types\/page"}],"author":[{"embeddable":true,"href":"https:\/\/crossfit-lbl.fr\/index.php\/wp-json\/wp\/v2\/users\/1"}],"replies":[{"embeddable":true,"href":"https:\/\/crossfit-lbl.fr\/index.php\/wp-json\/wp\/v2\/comments?post=3256"}],"version-history":[{"count":8,"href":"https:\/\/crossfit-lbl.fr\/index.php\/wp-json\/wp\/v2\/pages\/3256\/revisions"}],"predecessor-version":[{"id":3576,"href":"https:\/\/crossfit-lbl.fr\/index.php\/wp-json\/wp\/v2\/pages\/3256\/revisions\/3576"}],"wp:attachment":[{"href":"https:\/\/crossfit-lbl.fr\/index.php\/wp-json\/wp\/v2\/media?parent=3256"}],"curies":[{"name":"wp","href":"https:\/\/api.w.org\/{rel}","templated":true}]}}