{"id":2776,"date":"2016-04-25T14:17:39","date_gmt":"2016-04-25T14:17:39","guid":{"rendered":"https:\/\/ttbase-themetwins.c9users.io\/?page_id=2776"},"modified":"2021-06-10T20:08:06","modified_gmt":"2021-06-10T18:08:06","slug":"tarifs","status":"publish","type":"page","link":"https:\/\/crossfit-lbl.fr\/index.php\/tarifs\/","title":{"rendered":"Tarifs"},"content":{"rendered":"[vc_row][vc_column width=\u00a0\u00bb1\/3&Prime;]\n\t\t\t<div class=\"ttbase-pricing-table card text-center basic\">\n\t\t        <h4>Seance D\u00e9couverte<\/h4>\n\t\t        <span class=\"price\" style=\"color:#232a35;\">0\u20ac<\/span>\n\t\t        <p class=\"lead\"><\/p>\n\t\t        <a class=\"btn btn-primary style-2\" href=\"\"><span class=\"ttbase-button-inner\">Select Plan<\/span><\/a>\n\t\t        \n\t\t    <\/div>\n\t    [\/vc_column][vc_column width=\u00a0\u00bb1\/3&Prime;]\n\t\t    <div class=\"ttbase-pricing-table card text-center boxed\">\n\t\t        <h4>Coaching en groupe<\/h4>\n\t\t        <span class=\"price\" style=\"color:#232a35;\">100\u20ac<\/span>\n\t\t        <p class=\"lead\">\u00e0 l'unit\u00e9<\/p>\n\t\t        <a class=\"btn btn-primary \" href=\"\"><span class=\"ttbase-button-inner\">Select Plan<\/span><\/a>\n\t\t        <ul><\/p>\n<li><strong>Carnet<\/strong>&nbsp;de 10 s\u00e9ances<\/li>\n<p><\/p>\n<li><strong>Start, Advanced, Premium, Competitor<\/strong> \u00e0 l&rsquo;unit\u00e9, Carnet de 10 s\u00e9ances<\/li>\n<p>\n<\/ul>\n\n\t\t    <\/div>\n\t    [\/vc_column][vc_column width=\u00a0\u00bb1\/3&Prime;]\n\t\t\t<div class=\"ttbase-pricing-table card text-center emphasis\">\n\t\t\t    <h4>Coaching perso<\/h4>\n\t\t\t    <span class=\"price\">200\u20ac<\/span>\n\t\t\t    <p class=\"lead\">per month<\/p>\n\t\t\t    <a class=\"btn btn-primary \" href=\"\"><span class=\"ttbase-button-inner\">Select Plan<\/span><\/a>\n\t\t\t    <ul><\/p>\n<li><strong>Suivi<\/strong>&nbsp;personnalis\u00e9<\/li>\n<p>\n<\/ul>\n\n\t\t\t<\/div>\n\t\t[\/vc_column][\/vc_row]\n","protected":false},"excerpt":{"rendered":"<p>[vc_row][vc_column width=\u00a0\u00bb1\/3&Prime;][\/vc_column][vc_column width=\u00a0\u00bb1\/3&Prime;][\/vc_column][vc_column width=\u00a0\u00bb1\/3&Prime;][\/vc_column][\/vc_row]<\/p>\n<div class=\"read-more-link-wrapper text-center\"><a class=\"read-more-link\" href=\"https:\/\/crossfit-lbl.fr\/index.php\/tarifs\/\"><i class=\"icon-next\"><\/i>Read more<\/a><\/div>\n","protected":false},"author":1,"featured_media":0,"parent":0,"menu_order":0,"comment_status":"closed","ping_status":"closed","template":"","meta":[],"_links":{"self":[{"href":"https:\/\/crossfit-lbl.fr\/index.php\/wp-json\/wp\/v2\/pages\/2776"}],"collection":[{"href":"https:\/\/crossfit-lbl.fr\/index.php\/wp-json\/wp\/v2\/pages"}],"about":[{"href":"https:\/\/crossfit-lbl.fr\/index.php\/wp-json\/wp\/v2\/types\/page"}],"author":[{"embeddable":true,"href":"https:\/\/crossfit-lbl.fr\/index.php\/wp-json\/wp\/v2\/users\/1"}],"replies":[{"embeddable":true,"href":"https:\/\/crossfit-lbl.fr\/index.php\/wp-json\/wp\/v2\/comments?post=2776"}],"version-history":[{"count":8,"href":"https:\/\/crossfit-lbl.fr\/index.php\/wp-json\/wp\/v2\/pages\/2776\/revisions"}],"predecessor-version":[{"id":3600,"href":"https:\/\/crossfit-lbl.fr\/index.php\/wp-json\/wp\/v2\/pages\/2776\/revisions\/3600"}],"wp:attachment":[{"href":"https:\/\/crossfit-lbl.fr\/index.php\/wp-json\/wp\/v2\/media?parent=2776"}],"curies":[{"name":"wp","href":"https:\/\/api.w.org\/{rel}","templated":true}]}}